{"id":7,"date":"2022-01-26T16:28:40","date_gmt":"2022-01-26T16:28:40","guid":{"rendered":"http:\/\/86400.ch\/?page_id=7"},"modified":"2022-02-13T21:35:13","modified_gmt":"2022-02-13T21:35:13","slug":"titelseite","status":"publish","type":"page","link":"https:\/\/86400.ch\/","title":{"rendered":"TITELSEITE"},"content":{"rendered":"\t\t<div data-elementor-type=\"wp-page\" data-elementor-id=\"7\" class=\"elementor elementor-7\">\n\t\t\t\t\t\t\t\t\t<section class=\"elementor-section elementor-top-section elementor-element elementor-element-ab8a926 elementor-section-boxed elementor-section-height-default elementor-section-height-default\" data-id=\"ab8a926\" data-element_type=\"section\">\n\t\t\t\t\t\t<div class=\"elementor-container elementor-column-gap-default\">\n\t\t\t\t\t<div class=\"elementor-column elementor-col-100 elementor-top-column elementor-element elementor-element-842f8f2\" data-id=\"842f8f2\" data-element_type=\"column\">\n\t\t\t<div class=\"elementor-widget-wrap elementor-element-populated\">\n\t\t\t\t\t\t\t\t<div class=\"elementor-element elementor-element-7396e2b elementor-widget elementor-widget-text-editor\" data-id=\"7396e2b\" data-element_type=\"widget\" data-widget_type=\"text-editor.default\">\n\t\t\t\t<div class=\"elementor-widget-container\">\n\t\t\t<style>\/*! elementor - v3.8.0 - 30-10-2022 *\/\n.elementor-widget-text-editor.elementor-drop-cap-view-stacked .elementor-drop-cap{background-color:#818a91;color:#fff}.elementor-widget-text-editor.elementor-drop-cap-view-framed .elementor-drop-cap{color:#818a91;border:3px solid;background-color:transparent}.elementor-widget-text-editor:not(.elementor-drop-cap-view-default) .elementor-drop-cap{margin-top:8px}.elementor-widget-text-editor:not(.elementor-drop-cap-view-default) .elementor-drop-cap-letter{width:1em;height:1em}.elementor-widget-text-editor .elementor-drop-cap{float:left;text-align:center;line-height:1;font-size:50px}.elementor-widget-text-editor .elementor-drop-cap-letter{display:inline-block}<\/style>\t\t\t\t<p><strong>Das Tagesgeschenk<\/strong><\/p>\n<p><strong>&nbsp;<\/strong><\/p>\n<p>Stell dir vor, jeden Morgen stellt dir deine Bank 86&#8217;400 Franken auf deinem Konto zur Verf\u00fcgung. Du kannst den gesamten Betrag an einem Tag ausgeben. Allerdings kannst du nichts sparen. Was du nicht ausgegeben hast, verf\u00e4llt. Aber jeden Tag, wenn du erwachst, er\u00f6ffnet dir die Bank ein neues Konto mit neuen 86&#8217;400 Franken f\u00fcr den kommenden Tag. Ausserdem kann die Bank das Konto jederzeit ohne Vorwarnung schliessen. Sie kann sagen das Spiel ist aus.<\/p>\n<p><br><\/p>\n<p><\/p>\n<p>Was w\u00fcrdest du tun?<\/p>\t\t\t\t\t\t<\/div>\n\t\t\t\t<\/div>\n\t\t\t\t\t<\/div>\n\t\t<\/div>\n\t\t\t\t\t\t\t<\/div>\n\t\t<\/section>\n\t\t\t\t<section class=\"elementor-section elementor-top-section elementor-element elementor-element-2c96c2a elementor-section-boxed elementor-section-height-default elementor-section-height-default\" data-id=\"2c96c2a\" data-element_type=\"section\">\n\t\t\t\t\t\t<div class=\"elementor-container elementor-column-gap-default\">\n\t\t\t\t\t<div class=\"elementor-column elementor-col-100 elementor-top-column elementor-element elementor-element-62cf015\" data-id=\"62cf015\" data-element_type=\"column\">\n\t\t\t<div class=\"elementor-widget-wrap elementor-element-populated\">\n\t\t\t\t\t\t\t\t<div class=\"elementor-element elementor-element-e8e6494 elementor-widget elementor-widget-text-editor\" data-id=\"e8e6494\" data-element_type=\"widget\" data-widget_type=\"text-editor.default\">\n\t\t\t\t<div class=\"elementor-widget-container\">\n\t\t\t\t\t\t\t<p><\/p>\n<p><br><\/p>\n<p><br><\/p>\n<p>Wenn du dir gut \u00fcberlegt hast, was du mit dem Geld machen w\u00fcrdest, klicke<strong> <a href=\"https:\/\/86400.ch\/?page_id=27\">hier<\/a><\/strong><\/p>\t\t\t\t\t\t<\/div>\n\t\t\t\t<\/div>\n\t\t\t\t\t<\/div>\n\t\t<\/div>\n\t\t\t\t\t\t\t<\/div>\n\t\t<\/section>\n\t\t\t\t\t\t\t<\/div>\n\t\t","protected":false},"excerpt":{"rendered":"<p>Das Tagesgeschenk &nbsp; Stell dir vor, jeden Morgen stellt dir deine Bank 86&#8217;400 Franken auf deinem Konto zur Verf\u00fcgung. Du kannst den gesamten Betrag an einem Tag ausgeben. Allerdings kannst du nichts sparen. Was du nicht ausgegeben hast, verf\u00e4llt. Aber jeden Tag, wenn du erwachst, er\u00f6ffnet dir die Bank ein neues Konto mit neuen 86&#8217;400&hellip; <a class=\"more-link\" href=\"https:\/\/86400.ch\/\"><span class=\"screen-reader-text\">TITELSEITE<\/span> weiterlesen<\/a><\/p>\n","protected":false},"author":1,"featured_media":0,"parent":0,"menu_order":0,"comment_status":"closed","ping_status":"closed","template":"elementor_header_footer","meta":[],"_links":{"self":[{"href":"https:\/\/86400.ch\/index.php?rest_route=\/wp\/v2\/pages\/7"}],"collection":[{"href":"https:\/\/86400.ch\/index.php?rest_route=\/wp\/v2\/pages"}],"about":[{"href":"https:\/\/86400.ch\/index.php?rest_route=\/wp\/v2\/types\/page"}],"author":[{"embeddable":true,"href":"https:\/\/86400.ch\/index.php?rest_route=\/wp\/v2\/users\/1"}],"replies":[{"embeddable":true,"href":"https:\/\/86400.ch\/index.php?rest_route=%2Fwp%2Fv2%2Fcomments&post=7"}],"version-history":[{"count":30,"href":"https:\/\/86400.ch\/index.php?rest_route=\/wp\/v2\/pages\/7\/revisions"}],"predecessor-version":[{"id":62,"href":"https:\/\/86400.ch\/index.php?rest_route=\/wp\/v2\/pages\/7\/revisions\/62"}],"wp:attachment":[{"href":"https:\/\/86400.ch\/index.php?rest_route=%2Fwp%2Fv2%2Fmedia&parent=7"}],"curies":[{"name":"wp","href":"https:\/\/api.w.org\/{rel}","templated":true}]}}