{"id":27,"date":"2022-01-26T16:45:49","date_gmt":"2022-01-26T16:45:49","guid":{"rendered":"http:\/\/86400.ch\/?page_id=27"},"modified":"2022-02-16T21:28:20","modified_gmt":"2022-02-16T21:28:20","slug":"das-tagesgeschenk-teil2","status":"publish","type":"page","link":"https:\/\/86400.ch\/?page_id=27","title":{"rendered":"Teil 2"},"content":{"rendered":"\t\t<div data-elementor-type=\"wp-page\" data-elementor-id=\"27\" class=\"elementor elementor-27\">\n\t\t\t\t\t\t\t\t\t<section class=\"elementor-section elementor-top-section elementor-element elementor-element-77500f7 elementor-section-boxed elementor-section-height-default elementor-section-height-default\" data-id=\"77500f7\" data-element_type=\"section\">\n\t\t\t\t\t\t<div class=\"elementor-container elementor-column-gap-default\">\n\t\t\t\t\t<div class=\"elementor-column elementor-col-100 elementor-top-column elementor-element elementor-element-e9440a6\" data-id=\"e9440a6\" data-element_type=\"column\">\n\t\t\t<div class=\"elementor-widget-wrap elementor-element-populated\">\n\t\t\t\t\t\t\t\t<div class=\"elementor-element elementor-element-12e4191 elementor-widget elementor-widget-text-editor\" data-id=\"12e4191\" data-element_type=\"widget\" data-widget_type=\"text-editor.default\">\n\t\t\t\t<div class=\"elementor-widget-container\">\n\t\t\t<style>\/*! elementor - v3.8.0 - 30-10-2022 *\/\n.elementor-widget-text-editor.elementor-drop-cap-view-stacked .elementor-drop-cap{background-color:#818a91;color:#fff}.elementor-widget-text-editor.elementor-drop-cap-view-framed .elementor-drop-cap{color:#818a91;border:3px solid;background-color:transparent}.elementor-widget-text-editor:not(.elementor-drop-cap-view-default) .elementor-drop-cap{margin-top:8px}.elementor-widget-text-editor:not(.elementor-drop-cap-view-default) .elementor-drop-cap-letter{width:1em;height:1em}.elementor-widget-text-editor .elementor-drop-cap{float:left;text-align:center;line-height:1;font-size:50px}.elementor-widget-text-editor .elementor-drop-cap-letter{display:inline-block}<\/style>\t\t\t\t<p>Dieses Spiel ist Realit\u00e4t: Jeder von uns hat so eine magische Bank:<\/p><p>\u00a0<\/p><p style=\"text-align: center;\"><strong>Die Zeit<\/strong><\/p><p>\u00a0<\/p><p>Jeden Morgen bekommen wir 86&#8217;400 Sekunden Leben f\u00fcr den Tag geschenkt. Was wir an diesem Tag nicht gelebt haben, ist verloren, f\u00fcr immer verloren. Aber jeden Morgen beginnt sich das Konto neu zu f\u00fcllen.<\/p><p>\u00a0<\/p><p>Was also machst du mit deinen t\u00e4glichen 86&#8217;400 Sekunden?<\/p>\t\t\t\t\t\t<\/div>\n\t\t\t\t<\/div>\n\t\t\t\t\t<\/div>\n\t\t<\/div>\n\t\t\t\t\t\t\t<\/div>\n\t\t<\/section>\n\t\t\t\t<section class=\"elementor-section elementor-top-section elementor-element elementor-element-03eb0b0 elementor-section-boxed elementor-section-height-default elementor-section-height-default\" data-id=\"03eb0b0\" data-element_type=\"section\">\n\t\t\t\t\t\t<div class=\"elementor-container elementor-column-gap-default\">\n\t\t\t\t\t<div class=\"elementor-column elementor-col-100 elementor-top-column elementor-element elementor-element-6b4b078\" data-id=\"6b4b078\" data-element_type=\"column\">\n\t\t\t<div class=\"elementor-widget-wrap\">\n\t\t\t\t\t\t\t\t\t<\/div>\n\t\t<\/div>\n\t\t\t\t\t\t\t<\/div>\n\t\t<\/section>\n\t\t\t\t<section class=\"elementor-section elementor-top-section elementor-element elementor-element-b8a84b1 elementor-section-boxed elementor-section-height-default elementor-section-height-default\" data-id=\"b8a84b1\" data-element_type=\"section\">\n\t\t\t\t\t\t<div class=\"elementor-container elementor-column-gap-default\">\n\t\t\t\t\t<div class=\"elementor-column elementor-col-100 elementor-top-column elementor-element elementor-element-eebd4e1\" data-id=\"eebd4e1\" data-element_type=\"column\">\n\t\t\t<div class=\"elementor-widget-wrap elementor-element-populated\">\n\t\t\t\t\t\t\t\t<div class=\"elementor-element elementor-element-dc82691 elementor-widget elementor-widget-text-editor\" data-id=\"dc82691\" data-element_type=\"widget\" data-widget_type=\"text-editor.default\">\n\t\t\t\t<div class=\"elementor-widget-container\">\n\t\t\t\t\t\t\t<p style=\"text-align: center;\"><span style=\"font-family: var(--list--font-family); font-size: var(--heading--font-size-h5); font-weight: var(--heading--font-weight-strong); letter-spacing: var(--heading--letter-spacing-h5); color: var( --e-global-color-text ); background-color: var(--global--color-background);\">&nbsp;<\/span><\/p>\n<p style=\"text-align: center;\"><span style=\"font-family: var(--list--font-family); font-size: var(--heading--font-size-h5); font-weight: var(--heading--font-weight-strong); letter-spacing: var(--heading--letter-spacing-h5); color: var( --e-global-color-text ); background-color: var(--global--color-background);\">&nbsp;<\/span><\/p>\n<p style=\"text-align: center;\"><span style=\"font-family: var(--list--font-family); font-size: var(--heading--font-size-h5); font-weight: var(--heading--font-weight-strong); letter-spacing: var(--heading--letter-spacing-h5); color: var( --e-global-color-text ); background-color: var(--global--color-background);\">&nbsp;<\/span><\/p>\n<p style=\"text-align: center;\"><span style=\"font-family: var(--list--font-family); font-size: var(--heading--font-size-h5); font-weight: var(--heading--font-weight-strong); letter-spacing: var(--heading--letter-spacing-h5); color: var( --e-global-color-text ); background-color: var(--global--color-background);\">&nbsp;<\/span><\/p>\n<p style=\"text-align: center;\"><span style=\"font-family: var(--list--font-family); font-size: var(--heading--font-size-h5); font-weight: var(--heading--font-weight-strong); letter-spacing: var(--heading--letter-spacing-h5); color: var( --e-global-color-text ); background-color: var(--global--color-background);\">&nbsp;<\/span><\/p>\n<p style=\"text-align: center;\"><span style=\"font-family: var(--list--font-family); font-size: var(--heading--font-size-h5); font-weight: var(--heading--font-weight-strong); letter-spacing: var(--heading--letter-spacing-h5); color: var( --e-global-color-text ); background-color: var(--global--color-background);\">&nbsp;<\/span><\/p>\n<p style=\"text-align: center;\"><span style=\"font-family: var(--list--font-family); font-size: var(--heading--font-size-h5); font-weight: var(--heading--font-weight-strong); letter-spacing: var(--heading--letter-spacing-h5); color: var( --e-global-color-text ); background-color: var(--global--color-background);\"><br><\/span><\/p><p style=\"text-align: center;\"><span style=\"font-family: var(--list--font-family); font-size: var(--heading--font-size-h5); font-weight: var(--heading--font-weight-strong); letter-spacing: var(--heading--letter-spacing-h5); color: var( --e-global-color-text ); background-color: var(--global--color-background);\">Gewidmet dem D&#038;S Team. In Dankbarkeit.<\/span><\/p>\t\t\t\t\t\t<\/div>\n\t\t\t\t<\/div>\n\t\t\t\t\t<\/div>\n\t\t<\/div>\n\t\t\t\t\t\t\t<\/div>\n\t\t<\/section>\n\t\t\t\t\t\t\t<\/div>\n\t\t","protected":false},"excerpt":{"rendered":"<p>Dieses Spiel ist Realit\u00e4t: Jeder von uns hat so eine magische Bank: \u00a0 Die Zeit \u00a0 Jeden Morgen bekommen wir 86&#8217;400 Sekunden Leben f\u00fcr den Tag geschenkt. Was wir an diesem Tag nicht gelebt haben, ist verloren, f\u00fcr immer verloren. Aber jeden Morgen beginnt sich das Konto neu zu f\u00fcllen. \u00a0 Was also machst du&hellip; <a class=\"more-link\" href=\"https:\/\/86400.ch\/?page_id=27\"><span class=\"screen-reader-text\">Teil 2<\/span> weiterlesen<\/a><\/p>\n","protected":false},"author":1,"featured_media":0,"parent":7,"menu_order":0,"comment_status":"closed","ping_status":"closed","template":"elementor_header_footer","meta":[],"_links":{"self":[{"href":"https:\/\/86400.ch\/index.php?rest_route=\/wp\/v2\/pages\/27"}],"collection":[{"href":"https:\/\/86400.ch\/index.php?rest_route=\/wp\/v2\/pages"}],"about":[{"href":"https:\/\/86400.ch\/index.php?rest_route=\/wp\/v2\/types\/page"}],"author":[{"embeddable":true,"href":"https:\/\/86400.ch\/index.php?rest_route=\/wp\/v2\/users\/1"}],"replies":[{"embeddable":true,"href":"https:\/\/86400.ch\/index.php?rest_route=%2Fwp%2Fv2%2Fcomments&post=27"}],"version-history":[{"count":25,"href":"https:\/\/86400.ch\/index.php?rest_route=\/wp\/v2\/pages\/27\/revisions"}],"predecessor-version":[{"id":80,"href":"https:\/\/86400.ch\/index.php?rest_route=\/wp\/v2\/pages\/27\/revisions\/80"}],"up":[{"embeddable":true,"href":"https:\/\/86400.ch\/index.php?rest_route=\/wp\/v2\/pages\/7"}],"wp:attachment":[{"href":"https:\/\/86400.ch\/index.php?rest_route=%2Fwp%2Fv2%2Fmedia&parent=27"}],"curies":[{"name":"wp","href":"https:\/\/api.w.org\/{rel}","templated":true}]}}